{"id":6564,"date":"2023-04-15T09:44:10","date_gmt":"2023-04-15T07:44:10","guid":{"rendered":"https:\/\/www.arxiumap.org\/?page_id=6564"},"modified":"2023-11-08T12:51:12","modified_gmt":"2023-11-08T11:51:12","slug":"reconeix-els-teus-arxius","status":"publish","type":"page","link":"https:\/\/www.arxiumap.org\/es\/reconeix-els-teus-arxius\/","title":{"rendered":"ReConoce tus Archivos"},"content":{"rendered":"<div data-elementor-type=\"wp-page\" data-elementor-id=\"6564\" class=\"elementor elementor-6564\">\n\t\t\t\t\t\t<section class=\"elementor-section elementor-top-section elementor-element elementor-element-6e904a9 elementor-section-boxed elementor-section-height-default elementor-section-height-default\" data-id=\"6e904a9\" data-element_type=\"section\" data-settings=\"{&quot;jet_parallax_layout_list&quot;:[]}\">\n\t\t\t\t\t\t<div class=\"elementor-container elementor-column-gap-default\">\n\t\t\t\t\t<div class=\"elementor-column elementor-col-50 elementor-top-column elementor-element elementor-element-f2495af\" data-id=\"f2495af\" data-element_type=\"column\">\n\t\t\t<div class=\"elementor-widget-wrap elementor-element-populated\">\n\t\t\t\t\t\t<div class=\"elementor-element elementor-element-4373565d elementor-widget elementor-widget-heading\" data-id=\"4373565d\" data-element_type=\"widget\" data-widget_type=\"heading.default\">\n\t\t\t\t<div class=\"elementor-widget-container\">\n\t\t\t\t\t<h4 class=\"elementor-heading-title elementor-size-default\">Resumen del estreno oficial de la primera temporada completa de ReConoce tus Archivos en La Filmoteca Valenciana.<\/h4>\t\t\t\t<\/div>\n\t\t\t\t<\/div>\n\t\t\t\t\t<\/div>\n\t\t<\/div>\n\t\t\t\t<div class=\"elementor-column elementor-col-50 elementor-top-column elementor-element elementor-element-ce84606\" data-id=\"ce84606\" data-element_type=\"column\">\n\t\t\t<div class=\"elementor-widget-wrap elementor-element-populated\">\n\t\t\t\t\t\t<div class=\"elementor-element elementor-element-3e73dfbf elementor-widget elementor-widget-pth-elementor-video-popup\" data-id=\"3e73dfbf\" data-element_type=\"widget\" data-widget_type=\"pth-elementor-video-popup.default\">\n\t\t\t\t<div class=\"elementor-widget-container\">\n\t\t\t\t\t\n\t\t\t<div class=\"pth-video-popup\">\n\n\t\t\t\t\n\t\t\t\t<a class=\"pth-play-button glightbox pth-play-button--big\" href=\"https:\/\/www.youtube.com\/watch?v=yba7I8olDdY\" data-gallery=\"69ef8b61eb710\">\n\t\t\t\t\t<div class=\"pth-play-button__icon\">\n\t\t\t\t\t\t<span class=\"pth-play-button__default\"><svg class=\"pth-play-icon\" xmlns=\"http:\/\/www.w3.org\/2000\/svg\" viewbox=\"0 0 24 24\" width=\"24\" height=\"24\" stroke-width=\"2\" stroke-linecap=\"round\" stroke-linejoin=\"round\">\n\t\t\t<polygon points=\"5 3 19 12 5 21 5 3\"><\/polygon>\n\t\t<\/svg><\/span>\n\t\t\t\t\t\t<span class=\"pth-play-button__hover\"><svg class=\"pth-play-icon\" xmlns=\"http:\/\/www.w3.org\/2000\/svg\" viewbox=\"0 0 24 24\" width=\"24\" height=\"24\" stroke-width=\"2\" stroke-linecap=\"round\" stroke-linejoin=\"round\">\n\t\t\t<polygon points=\"5 3 19 12 5 21 5 3\"><\/polygon>\n\t\t<\/svg><\/span>\n\t\t\t\t\t<\/div>\n\t\t\t\t\t<span>Ver v\u00eddeo<\/span>\n\t\t\t\t<\/a>\n\t\t\t<\/div>\n\n\t\t\t\t\t\t<\/div>\n\t\t\t\t<\/div>\n\t\t\t\t\t<\/div>\n\t\t<\/div>\n\t\t\t\t\t<\/div>\n\t\t<\/section>\n\t\t\t\t<section class=\"elementor-section elementor-top-section elementor-element elementor-element-5341bc6 elementor-section-boxed elementor-section-height-default elementor-section-height-default\" data-id=\"5341bc6\" data-element_type=\"section\" data-settings=\"{&quot;jet_parallax_layout_list&quot;:[]}\">\n\t\t\t\t\t\t<div class=\"elementor-container elementor-column-gap-default\">\n\t\t\t\t\t<div class=\"elementor-column elementor-col-100 elementor-top-column elementor-element elementor-element-98f70a2\" data-id=\"98f70a2\" data-element_type=\"column\">\n\t\t\t<div class=\"elementor-widget-wrap elementor-element-populated\">\n\t\t\t\t\t\t<div class=\"elementor-element elementor-element-aa6727c elementor-widget elementor-widget-heading\" data-id=\"aa6727c\" data-element_type=\"widget\" data-widget_type=\"heading.default\">\n\t\t\t\t<div class=\"elementor-widget-container\">\n\t\t\t\t\t<h4 class=\"elementor-heading-title elementor-size-default\">Primera temporada Reconoce tus archivos<\/h4>\t\t\t\t<\/div>\n\t\t\t\t<\/div>\n\t\t\t\t\t<\/div>\n\t\t<\/div>\n\t\t\t\t\t<\/div>\n\t\t<\/section>\n\t\t\t\t<section class=\"elementor-section elementor-top-section elementor-element elementor-element-38d0223 elementor-section-full_width elementor-section-stretched elementor-section-height-default elementor-section-height-default\" data-id=\"38d0223\" data-element_type=\"section\" data-settings=\"{&quot;stretch_section&quot;:&quot;section-stretched&quot;,&quot;jet_parallax_layout_list&quot;:[]}\">\n\t\t\t\t\t\t<div class=\"elementor-container elementor-column-gap-default\">\n\t\t\t\t\t<div class=\"elementor-column elementor-col-100 elementor-top-column elementor-element elementor-element-1fc567a\" data-id=\"1fc567a\" data-element_type=\"column\">\n\t\t\t<div class=\"elementor-widget-wrap\">\n\t\t\t\t\t\t\t<\/div>\n\t\t<\/div>\n\t\t\t\t\t<\/div>\n\t\t<\/section>\n\t\t\t\t<section class=\"elementor-section elementor-top-section elementor-element elementor-element-84465b5 elementor-section-boxed elementor-section-height-default elementor-section-height-default\" data-id=\"84465b5\" data-element_type=\"section\" data-settings=\"{&quot;jet_parallax_layout_list&quot;:[]}\">\n\t\t\t\t\t\t<div class=\"elementor-container elementor-column-gap-default\">\n\t\t\t\t\t<div class=\"elementor-column elementor-col-100 elementor-top-column elementor-element elementor-element-ecdb99b\" data-id=\"ecdb99b\" data-element_type=\"column\">\n\t\t\t<div class=\"elementor-widget-wrap elementor-element-populated\">\n\t\t\t\t\t\t<div class=\"elementor-element elementor-element-5ecf666 elementor-widget elementor-widget-heading\" data-id=\"5ecf666\" data-element_type=\"widget\" data-widget_type=\"heading.default\">\n\t\t\t\t<div class=\"elementor-widget-container\">\n\t\t\t\t\t<h4 class=\"elementor-heading-title elementor-size-default\">Segunda temporada Reconoce tus archivos<\/h4>\t\t\t\t<\/div>\n\t\t\t\t<\/div>\n\t\t\t\t\t<\/div>\n\t\t<\/div>\n\t\t\t\t\t<\/div>\n\t\t<\/section>\n\t\t\t\t<section class=\"elementor-section elementor-top-section elementor-element elementor-element-d7f6a36 elementor-section-full_width elementor-section-stretched elementor-section-height-default elementor-section-height-default\" data-id=\"d7f6a36\" data-element_type=\"section\" data-settings=\"{&quot;stretch_section&quot;:&quot;section-stretched&quot;,&quot;jet_parallax_layout_list&quot;:[]}\">\n\t\t\t\t\t\t<div class=\"elementor-container elementor-column-gap-default\">\n\t\t\t\t\t<div class=\"elementor-column elementor-col-100 elementor-top-column elementor-element elementor-element-22bff53\" data-id=\"22bff53\" data-element_type=\"column\">\n\t\t\t<div class=\"elementor-widget-wrap\">\n\t\t\t\t\t\t\t<\/div>\n\t\t<\/div>\n\t\t\t\t\t<\/div>\n\t\t<\/section>\n\t\t\t\t<section class=\"elementor-section elementor-top-section elementor-element elementor-element-fcc3970 elementor-section-boxed elementor-section-height-default elementor-section-height-default\" data-id=\"fcc3970\" data-element_type=\"section\" data-settings=\"{&quot;jet_parallax_layout_list&quot;:[]}\">\n\t\t\t\t\t\t<div class=\"elementor-container elementor-column-gap-default\">\n\t\t\t\t\t<div class=\"elementor-column elementor-col-100 elementor-top-column elementor-element elementor-element-400a24a\" data-id=\"400a24a\" data-element_type=\"column\">\n\t\t\t<div class=\"elementor-widget-wrap elementor-element-populated\">\n\t\t\t\t\t\t<div class=\"elementor-element elementor-element-da5890b elementor-widget elementor-widget-heading\" data-id=\"da5890b\" data-element_type=\"widget\" data-widget_type=\"heading.default\">\n\t\t\t\t<div class=\"elementor-widget-container\">\n\t\t\t\t\t<h1 class=\"elementor-heading-title elementor-size-xl\">Serie audiovisual ReConeix els teus Arxius<\/h1>\t\t\t\t<\/div>\n\t\t\t\t<\/div>\n\t\t\t\t<div class=\"elementor-element elementor-element-b8072b9 elementor-widget elementor-widget-text-editor\" data-id=\"b8072b9\" data-element_type=\"widget\" data-widget_type=\"text-editor.default\">\n\t\t\t\t<div class=\"elementor-widget-container\">\n\t\t\t\t\t\t\t\t\t<p>\u00bfEres socio institucional d\u2019Arxivers Valencians y te gustan nuestros v\u00eddeos de ReConeix els teus Arxius? Pues no lo dudes. Contacta con nosotros v\u00eda correo electr\u00f3nico y quiz\u00e1s los pr\u00f3ximos episodios est\u00e9n en tu archivo.<\/p>\t\t\t\t\t\t\t\t<\/div>\n\t\t\t\t<\/div>\n\t\t\t\t<div class=\"elementor-element elementor-element-3be2431 elementor-widget elementor-widget-pth-elementor-contact-info\" data-id=\"3be2431\" data-element_type=\"widget\" data-widget_type=\"pth-elementor-contact-info.default\">\n\t\t\t\t<div class=\"elementor-widget-container\">\n\t\t\t\t\t\n\t\t\t<div class=\"pth-contact-info pth-1col pth-t-2col\">\n\t\t\t\t\n\t\t\t\t\t\t\t\t\t<div class=\"pth-align-text-right\">\n\n\t\t\t\t\t\t\n\t\t\t\t\t\t\t\t\t\t\t\t\t<p class=\"pth-has-light-text\"><a href=\"mailto:comunicacio@arxiversvalencians.org\">comunicacio@arxiversvalencians.org<\/a><\/p>\n\t\t\t\t\t\t\n\t\t\t\t\t\t\n\t\t\t\t\t\t\n\t\t\t\t\t<\/div>\n\t\t\t\t\t\t\t<\/div>\n\n\t\t\t\t\t\t<\/div>\n\t\t\t\t<\/div>\n\t\t\t\t\t<\/div>\n\t\t<\/div>\n\t\t\t\t\t<\/div>\n\t\t<\/section>\n\t\t\t\t<\/div>","protected":false},"excerpt":{"rendered":"<p>Resumen del estreno oficial de la primera temporada completa de ReConoce tus Archivos en La Filmoteca Valenciana. Ver v\u00eddeo\u2026 <a class=\"more-link\" href=\"https:\/\/www.arxiumap.org\/es\/reconeix-els-teus-arxius\/\">Read more \u00bb<\/a><\/p>","protected":false},"author":1,"featured_media":5562,"parent":0,"menu_order":0,"comment_status":"closed","ping_status":"closed","template":"","meta":{"_seopress_robots_primary_cat":"","_seopress_titles_title":"","_seopress_titles_desc":"Ets soci institucional d\u2019Arxivers Valencians? Doncs no ho dubtes. Contacta amb nosaltres via correu electr\u00f2nic: comunicacio@arxiversvalencians.org","_seopress_robots_index":"","footnotes":""},"class_list":["post-6564","page","type-page","status-publish","has-post-thumbnail","hentry"],"_links":{"self":[{"href":"https:\/\/www.arxiumap.org\/es\/wp-json\/wp\/v2\/pages\/6564","targetHints":{"allow":["GET"]}}],"collection":[{"href":"https:\/\/www.arxiumap.org\/es\/wp-json\/wp\/v2\/pages"}],"about":[{"href":"https:\/\/www.arxiumap.org\/es\/wp-json\/wp\/v2\/types\/page"}],"author":[{"embeddable":true,"href":"https:\/\/www.arxiumap.org\/es\/wp-json\/wp\/v2\/users\/1"}],"replies":[{"embeddable":true,"href":"https:\/\/www.arxiumap.org\/es\/wp-json\/wp\/v2\/comments?post=6564"}],"version-history":[{"count":48,"href":"https:\/\/www.arxiumap.org\/es\/wp-json\/wp\/v2\/pages\/6564\/revisions"}],"predecessor-version":[{"id":9458,"href":"https:\/\/www.arxiumap.org\/es\/wp-json\/wp\/v2\/pages\/6564\/revisions\/9458"}],"wp:featuredmedia":[{"embeddable":true,"href":"https:\/\/www.arxiumap.org\/es\/wp-json\/wp\/v2\/media\/5562"}],"wp:attachment":[{"href":"https:\/\/www.arxiumap.org\/es\/wp-json\/wp\/v2\/media?parent=6564"}],"curies":[{"name":"wp","href":"https:\/\/api.w.org\/{rel}","templated":true}]}}